{"id":70,"date":"2019-02-08T17:09:09","date_gmt":"2019-02-08T17:09:09","guid":{"rendered":"http:\/\/dance-hamburg.de\/?page_id=70"},"modified":"2026-01-07T14:47:01","modified_gmt":"2026-01-07T14:47:01","slug":"ueber-mich","status":"publish","type":"page","link":"https:\/\/dance-hamburg.de\/?page_id=70","title":{"rendered":"\u00dcber mich"},"content":{"rendered":"\n<p>Ich bin leidenschaftliche T\u00e4nzerin und Choreografin, ausgebildet zur Tanzp\u00e4dagogin, staatlich anerkannte Lehrerin f\u00fcr Tanz und T\u00e4nzerische Gymnastik.<\/p>\n\n\n\n<p>Ausgebildet an der renommierten Lola Rogge Schule in Hamburg und an der Stage School Hamburg.<\/p>\n\n\n\n<p>Im November 2021 habe ich meinen Abschluss als ADTV Tanzlehrerin gemacht.<\/p>\n\n\n\n<p>Meine sportlichste Tanz-Zeit habe ich 1 Saison in der 1. Bundesliga f\u00fcr Jazz Modern Dance verbracht.<\/p>\n\n\n\n<p>Im Herbst 2022 kam ein Deutscher Meistertitel mit meiner Formation dazu.<\/p>\n\n\n\n<p>Aktuell arbeite ich in Musical- und Showproduktionen<\/p>\n\n\n\n<p><\/p>\n\n\n\n<p> Projektauftr\u00e4ge in Schulen und Tanzschulen<\/p>\n\n\n\n<figure class=\"wp-block-gallery has-nested-images columns-default is-cropped wp-block-gallery-1 is-layout-flex wp-block-gallery-is-layout-flex\">\n<figure class=\"wp-block-image size-large is-resized\"><img loading=\"lazy\" decoding=\"async\" width=\"634\" height=\"1024\" data-id=\"243\" src=\"https:\/\/dance-hamburg.de\/wp-content\/uploads\/2026\/01\/Greatest-Show-KW-634x1024.jpg\" alt=\"\" class=\"wp-image-243\" style=\"width:273px;height:auto\" srcset=\"https:\/\/dance-hamburg.de\/wp-content\/uploads\/2026\/01\/Greatest-Show-KW-634x1024.jpg 634w, https:\/\/dance-hamburg.de\/wp-content\/uploads\/2026\/01\/Greatest-Show-KW-186x300.jpg 186w, https:\/\/dance-hamburg.de\/wp-content\/uploads\/2026\/01\/Greatest-Show-KW-768x1239.jpg 768w, https:\/\/dance-hamburg.de\/wp-content\/uploads\/2026\/01\/Greatest-Show-KW.jpg 865w\" sizes=\"auto, (max-width: 634px) 100vw, 634px\" \/><\/figure>\n\n\n\n<figure class=\"wp-block-image size-large is-resized\"><img loading=\"lazy\" decoding=\"async\" width=\"576\" height=\"1024\" data-id=\"246\" src=\"https:\/\/dance-hamburg.de\/wp-content\/uploads\/2026\/01\/Show-KW-576x1024.jpg\" alt=\"\" class=\"wp-image-246\" style=\"width:220px;height:auto\" srcset=\"https:\/\/dance-hamburg.de\/wp-content\/uploads\/2026\/01\/Show-KW-576x1024.jpg 576w, https:\/\/dance-hamburg.de\/wp-content\/uploads\/2026\/01\/Show-KW-169x300.jpg 169w, https:\/\/dance-hamburg.de\/wp-content\/uploads\/2026\/01\/Show-KW-768x1365.jpg 768w, https:\/\/dance-hamburg.de\/wp-content\/uploads\/2026\/01\/Show-KW-864x1536.jpg 864w, https:\/\/dance-hamburg.de\/wp-content\/uploads\/2026\/01\/Show-KW-1152x2048.jpg 1152w, https:\/\/dance-hamburg.de\/wp-content\/uploads\/2026\/01\/Show-KW.jpg 1279w\" sizes=\"auto, (max-width: 576px) 100vw, 576px\" \/><\/figure>\n<\/figure>\n\n\n\n<p><\/p>\n","protected":false},"excerpt":{"rendered":"<p>Ich bin leidenschaftliche T\u00e4nzerin und Choreografin, ausgebildet zur Tanzp\u00e4dagogin, staatlich anerkannte Lehrerin f\u00fcr Tanz und T\u00e4nzerische Gymnastik. Ausgebildet an der renommierten Lola Rogge Schule in Hamburg und an der Stage School Hamburg. Im November 2021 habe ich meinen Abschluss als ADTV Tanzlehrerin gemacht. Meine sportlichste Tanz-Zeit habe ich 1 Saison in der 1. Bundesliga f\u00fcr&hellip; <a class=\"more-link\" href=\"https:\/\/dance-hamburg.de\/?page_id=70\"><span class=\"screen-reader-text\">\u00dcber mich<\/span> weiterlesen<\/a><\/p>\n","protected":false},"author":1,"featured_media":234,"parent":0,"menu_order":0,"comment_status":"closed","ping_status":"closed","template":"","meta":{"footnotes":""},"class_list":["post-70","page","type-page","status-publish","has-post-thumbnail","hentry","entry"],"_links":{"self":[{"href":"https:\/\/dance-hamburg.de\/index.php?rest_route=\/wp\/v2\/pages\/70","targetHints":{"allow":["GET"]}}],"collection":[{"href":"https:\/\/dance-hamburg.de\/index.php?rest_route=\/wp\/v2\/pages"}],"about":[{"href":"https:\/\/dance-hamburg.de\/index.php?rest_route=\/wp\/v2\/types\/page"}],"author":[{"embeddable":true,"href":"https:\/\/dance-hamburg.de\/index.php?rest_route=\/wp\/v2\/users\/1"}],"replies":[{"embeddable":true,"href":"https:\/\/dance-hamburg.de\/index.php?rest_route=%2Fwp%2Fv2%2Fcomments&post=70"}],"version-history":[{"count":11,"href":"https:\/\/dance-hamburg.de\/index.php?rest_route=\/wp\/v2\/pages\/70\/revisions"}],"predecessor-version":[{"id":249,"href":"https:\/\/dance-hamburg.de\/index.php?rest_route=\/wp\/v2\/pages\/70\/revisions\/249"}],"wp:featuredmedia":[{"embeddable":true,"href":"https:\/\/dance-hamburg.de\/index.php?rest_route=\/wp\/v2\/media\/234"}],"wp:attachment":[{"href":"https:\/\/dance-hamburg.de\/index.php?rest_route=%2Fwp%2Fv2%2Fmedia&parent=70"}],"curies":[{"name":"wp","href":"https:\/\/api.w.org\/{rel}","templated":true}]}}