{"id":75,"date":"2019-02-08T17:12:46","date_gmt":"2019-02-08T17:12:46","guid":{"rendered":"http:\/\/dance-hamburg.de\/?page_id=75"},"modified":"2026-01-08T16:38:14","modified_gmt":"2026-01-08T16:38:14","slug":"philosophie","status":"publish","type":"page","link":"https:\/\/dance-hamburg.de\/?page_id=75","title":{"rendered":"Philosophie"},"content":{"rendered":"\n<p>&#8222;Tanzen ist tr\u00e4umen mit den F\u00fcssen,<\/p>\n\n\n\n<p>l\u00e4cheln mit dem ganzen K\u00f6rper,<\/p>\n\n\n\n<p>Sprechen der Seele wie ein Gedicht,<\/p>\n\n\n\n<p>das man gemeinsam aus Bewegung schreibt\u201c<\/p>\n\n\n\n<p>Mein Ansatz f\u00fcr das Tanzen ist Spa\u00df im Einklang mit deinem K\u00f6rper und Geist! <\/p>\n","protected":false},"excerpt":{"rendered":"<p>&#8222;Tanzen ist tr\u00e4umen mit den F\u00fcssen, l\u00e4cheln mit dem ganzen K\u00f6rper, Sprechen der Seele wie ein Gedicht, das man gemeinsam aus Bewegung schreibt\u201c Mein Ansatz f\u00fcr das Tanzen ist Spa\u00df im Einklang mit deinem K\u00f6rper und Geist!<\/p>\n","protected":false},"author":1,"featured_media":186,"parent":0,"menu_order":0,"comment_status":"closed","ping_status":"closed","template":"","meta":{"footnotes":""},"class_list":["post-75","page","type-page","status-publish","has-post-thumbnail","hentry","entry"],"_links":{"self":[{"href":"https:\/\/dance-hamburg.de\/index.php?rest_route=\/wp\/v2\/pages\/75","targetHints":{"allow":["GET"]}}],"collection":[{"href":"https:\/\/dance-hamburg.de\/index.php?rest_route=\/wp\/v2\/pages"}],"about":[{"href":"https:\/\/dance-hamburg.de\/index.php?rest_route=\/wp\/v2\/types\/page"}],"author":[{"embeddable":true,"href":"https:\/\/dance-hamburg.de\/index.php?rest_route=\/wp\/v2\/users\/1"}],"replies":[{"embeddable":true,"href":"https:\/\/dance-hamburg.de\/index.php?rest_route=%2Fwp%2Fv2%2Fcomments&post=75"}],"version-history":[{"count":4,"href":"https:\/\/dance-hamburg.de\/index.php?rest_route=\/wp\/v2\/pages\/75\/revisions"}],"predecessor-version":[{"id":251,"href":"https:\/\/dance-hamburg.de\/index.php?rest_route=\/wp\/v2\/pages\/75\/revisions\/251"}],"wp:featuredmedia":[{"embeddable":true,"href":"https:\/\/dance-hamburg.de\/index.php?rest_route=\/wp\/v2\/media\/186"}],"wp:attachment":[{"href":"https:\/\/dance-hamburg.de\/index.php?rest_route=%2Fwp%2Fv2%2Fmedia&parent=75"}],"curies":[{"name":"wp","href":"https:\/\/api.w.org\/{rel}","templated":true}]}}